{"id":44,"date":"2016-12-21T17:16:47","date_gmt":"2016-12-21T16:16:47","guid":{"rendered":"https:\/\/colt45.nl\/?page_id=44"},"modified":"2017-11-02T20:20:26","modified_gmt":"2017-11-02T19:20:26","slug":"introductiecursus-ssv-colt-45","status":"publish","type":"page","link":"https:\/\/colt45.nl\/?page_id=44","title":{"rendered":"Introductiecursus SSV Colt 45"},"content":{"rendered":"<p>[et_pb_section bb_built=&#8221;1&#8243;][et_pb_row][et_pb_column type=&#8221;2_3&#8243;][et_pb_text _builder_version=&#8221;3.0.76&#8243; background_layout=&#8221;light&#8221; border_style=&#8221;solid&#8221;]<\/p>\n<h4><strong>Een greep uit het boekje Introductiecursus Aspirant-leden.<\/strong><\/h4>\n<p><strong>Tijdens de aspirant-lidmaatschapsperiode dient het aspirant-lid een introductiecursus te volgen. Deze introductiecursus bestaat uit tien (10) lessen waarin in ieder geval aan de orde komt veiligheid op de schietbaan, de omgang met vuurwapens, de basistechniek van \u00e9\u00e9n of meerdere disciplines, en vervolgens wordt de introductiecursus afgesloten met een vaardigheidsproef.<\/strong><\/p>\n<p><strong>De schietsport is een ontwikkeling. Van mannen die in berenvellen achter mammoeten aan hollen,\u00a0 tot een vrouwen sport die roosjes melken. Roosjes melken is niets anders dan het midden van een schijf (doel) te raken. Dit lijkt in de film heel makkelijk maar de schietsport is een zeer technische concentratie sport. Na elk schot wordt je afgerekend op het resultaat. En er zit een veiligheids aspect bij. Je moet dus op veel dingen tegelijkertijd letten. Om je deze dingen aan te leren hebben wij deze introductie cursus gemaakt.<\/strong><\/p>\n<p><strong>De vaardigheidsproef dient met goed gevolg te worden afgesloten om voor het definitieve lidmaatschap in aanmerking te komen.<\/strong><strong>Om een objectief beeld van je als aspirant lid te krijgen sluit je deze cursus af met vaardigheidsproeven. Je moet aan de baancommandant laten zien dat je een veilige schutter bent die wij kunnen vertrouwen.<br \/>\n<\/strong><\/p>\n<ul>\n<li><strong>Je\u00a0kunt aantonen dat je veilig kan omgaan met een geweer en pistool\/revolver<\/strong><\/li>\n<li><strong>Je kunt aantonen dat je de globale techniek van het geweer en pistool\/revolver schieten beheerst.<\/strong><\/li>\n<li><strong>Wapenkennis (demontage\/montage, reinigen etc.)<\/strong><\/li>\n<\/ul>\n<h4><strong>Algemene introductie<\/strong><\/h4>\n<p><b>&#8211;\u00a0\u00a0\u00a0\u00a0 Wie is wat en waar in de vereniging<br \/>\n&#8211;\u00a0\u00a0\u00a0\u00a0 Welke disciplines worden in de vereniging ver\u00adschoten<br \/>\n&#8211;\u00a0\u00a0\u00a0\u00a0 Wat betekent veiligheid bij een schietsportvereniging<br \/>\n&#8211;\u00a0\u00a0\u00a0\u00a0 Wat zijn de regels bij de vereniging<br \/>\n&#8211;\u00a0\u00a0\u00a0\u00a0 Veiligheidshandelingen voor geweer<br \/>\n&#8211;\u00a0\u00a0\u00a0\u00a0 Aanleren techniek<br \/>\n&#8211;\u00a0\u00a0\u00a0\u00a0 De praktijk<\/b><\/p>\n<h4><strong>Veiligheid<\/strong><\/h4>\n<p><strong>Dit punt moet heel duidelijk zijn. Je moet veilig met vuurwapens om gaan. Wapens kunnen zeer gevaarlijk zijn! Zowel voor je zelf als voor je medeclubleden. In deze introductiecursus gaan wij je duidelijk maken hoe je met wapens om \u00a0moet gaan. En wat wij van je verwachten. Wij moeten vertrouwen hebben in jou als beginnend lid. Om je dit duidelijk te maken hebben we de onderstaande regels opgesteld.\u00a0 Deze gelden voor ons aller veiligheid!<\/strong><\/p>\n<p>Uit de vereniging statuten.<\/p>\n<h5><strong><u>VEILIGHEIDSREGELS ALGEMEEN<\/u><\/strong><\/h5>\n<p><strong>Deze regels dient elke schutter te kennen en de Baancommandant ziet erop toe dat hiernaar gehandeld wordt.<\/strong><\/p>\n<p><u>Onderstaande punten dient men uit het hoofd te kennen.<\/u><\/p>\n<p><strong>KEN<\/strong>\u00a0het wapen waar u mee gaat schieten. (Dit wordt u geleerd door uw instructeur)<\/p>\n<p>Behandel\u00a0<strong>ELK<\/strong>\u00a0wapen als zijnde\u00a0<strong><u>GELADEN.<\/u><\/strong><\/p>\n<p><strong><u>RICHTEN<\/u>\u00a0<\/strong>op personen is\u00a0<strong><u>TEN STRENGSTE VERBODEN.<\/u><\/strong><\/p>\n<p>Haal het wapen\u00a0<strong>niet eerder<\/strong>\u00a0uit foedraal, hoes of koffer dan\u00a0<strong>alleen in de sluis of op de baan c.q. het schietpunt.<\/strong><\/p>\n<h5><strong><u>DUS NIET IN DE KANTINE OF OP WEG NAAR DE SCHIETBAAN.<\/u><\/strong><\/h5>\n<p>Met uitzondering van verenigingswapens die niet \u201cverpakt\u201d zijn en door de kantine vervoerd moeten worden naar en van de schietbaan (b.v. bij het reguliere onderhoud).<\/p>\n<p>Houdt het wapen in de veilige stand:<\/p>\n<p>De loop van het geweer omhoog, pistool of revolver naar beneden gericht en uw trekkervinger langs het wapen.<\/p>\n<p>Direct als U het wapen ter hand neemt, neemt U de veiligheidsmaatregelen.<\/p>\n<h5><strong><u>Die moet U kennen en kunnen uitvoeren.<\/u><\/strong><\/h5>\n<p>Als u door een ander, bijvoorbeeld de Baancommandant (die de veiligheidsmaatregelen nam waar u bijstond), een wapen krijgt overhandigd, neemt u wederom de veiligheidsmaatregelen.<br \/>\nDit lijkt overdreven, maar beter \u00e9\u00e9n keer te VEEL dan \u00e9\u00e9n keer te WEINIG.<\/p>\n<p>Wapens worden uiteraard pas geladen op het schietpunt en\u00a0<strong><u>NOOIT<\/u><\/strong>\u00a0geladen vanaf het schietpunt meegenomen.<\/p>\n<p><strong>Niet meer dan 5 patronen in het wapen en tel altijd de schoten.<\/strong><\/p>\n<p>Bij alle handelingen tot nu toe\u00a0<strong>blijft u met uw vingers van de trekker af.<\/strong><\/p>\n<h5><strong><u>De trekkervinger pas aan de trekker op het schietpunt en als uw wapen op de kogelvanger gericht en vuur klaar is.<\/u><\/strong><\/h5>\n<p>Veiligheid betekent een must bij een schietvereniging. Om de veiligheid te waarborgen zijn veiligheidsregels opgesteld en wordt er geschoten onder toezicht van een baancommandant. De vereniging heeft het een en ander vastgelegd in zijn huishoudelijk reglement en kent daarnaast een boekje\u00a0<strong>\u201chandleiding baancommandant\u201d<\/strong>\u00a0waarin het een en ander over de veiligheid en hoe gaan we met elkaar om besproken wordt.<\/p>\n<p><strong>Administratie<br \/>\n<\/strong>Zelf moet je zorg dragen voor een aantal administratieve afhandelingen of samen met de daarvoor verantwoordelijke persoon.<\/p>\n<p><strong>Presentielijst.<\/strong><br \/>\nIedereen die het pand betreedt moet de presentie lijst tekenen.<\/p>\n<p><strong>Presentieregister.<\/strong><br \/>\nVoor je de schietbaan op gaat moet het presentie register<strong>\u00a0<\/strong>van de schietbaan getekend worden.<\/p>\n<p><strong>Wapen uitgifte formulier<\/strong>.<br \/>\nAls je een club wapen wilt gebruiken reikt de baancommandant je het gewenste wapen uit. Je moet zelf\u00a0tekenen voor ontvangst op het formulier. Na de schiet oefening tekent de baancommandant voor retourontvangst.<\/p>\n<p><strong>Schietregister voor clubleden<br \/>\n<\/strong>deze heeft een grijze kaft. Alleen de baancommandant of bestuurslid tekent voor een schietoefening.<\/p>\n<p><strong>Schietregister voor aspirant-leden<br \/>\n<\/strong>deze heeft een rode kaft. Alleen de baancommandant of bestuurslid tekent voor een schietoefening.<\/p>\n<p><strong>Munitieregister<br \/>\n<\/strong>Als je munitie koopt van de vereniging dan dient dat door jezelf op het munitieregister ingevuld en afgetekend te worden.<\/p>\n<p><strong>Introductieschema<br \/>\n<\/strong>Lesrooster voor nieuwe leden zonder verlof, de instructeur tekent na elke les af.<\/p>\n<h5><strong>En bedenk wel, de schietsport is een serieuze zaak. Maar vergeet niet plezier te hebben.<\/strong><\/h5>\n<p>[\/et_pb_text][\/et_pb_column][et_pb_column type=&#8221;1_3&#8243;][et_pb_text _builder_version=&#8221;3.0.76&#8243; background_layout=&#8221;light&#8221; border_style=&#8221;solid&#8221;]<\/p>\n<h4><strong>INHOUD INTRODUCTIECURSUS:<\/strong><\/h4>\n<h4><strong>Hoofdstuk<\/strong><\/h4>\n<ol>\n<li><strong>Algemene introductie<\/strong><\/li>\n<li><strong>Veiligheid<\/strong><\/li>\n<li><strong>Administratie<\/strong><\/li>\n<li><strong>Basistechniek algemeen<\/strong><\/li>\n<li><strong>Basistechniek geweer<\/strong>\n<ol>\n<li><strong>Basistechniek geweer les 1 richten en trekker<\/strong><\/li>\n<li><strong>Basistechniek geweer les 2 houding<\/strong><\/li>\n<li><strong>Basistechniek geweer les 3 analyse<\/strong><\/li>\n<\/ol>\n<\/li>\n<li><strong>Basistechniek revolver<\/strong>\n<ol>\n<li><strong>Basistechniek revolver les 1 richten en trekker<\/strong><\/li>\n<li><strong>Basistechniek revolver les 2 houding<\/strong><\/li>\n<li><strong>Basistechniek revolver les 3 analyse<\/strong><\/li>\n<\/ol>\n<\/li>\n<li><strong>Basistechniek pistool<\/strong>\n<ol>\n<li><strong>Basistechniek pistool les 1 techniek<\/strong><\/li>\n<li><strong>Basistechniek pistool les 2 onderhoud<\/strong><\/li>\n<li><strong>Basistechniek pistool les 3 vrij schieten<\/strong><\/li>\n<\/ol>\n<\/li>\n<li><strong>Vaardigheidsproeven<\/strong>\n<ol>\n<li><strong>Vaardigheidsproef geweer<\/strong><\/li>\n<li><strong>Vaardigheidsproef revolver<\/strong><\/li>\n<li><strong>Vaardigheidsproef pistool<\/strong><\/li>\n<\/ol>\n<\/li>\n<\/ol>\n<p>[\/et_pb_text][\/et_pb_column][\/et_pb_row][\/et_pb_section]<\/p>\n","protected":false},"excerpt":{"rendered":"<p><div class=\"et_pb_row et_pb_row_0 et_pb_row_empty\">\n\t\t\t\t\n\t\t\t\t\n\t\t\t\t\n\t\t\t\t\n\t\t\t\t\n\t\t\t<\/div> Een greep uit het boekje Introductiecursus Aspirant-leden. Tijdens de aspirant-lidmaatschapsperiode dient het aspirant-lid een introductiecursus te volgen. Deze introductiecursus bestaat uit tien (10) lessen waarin in ieder geval aan de orde komt veiligheid op de schietbaan, de omgang met vuurwapens, de basistechniek van \u00e9\u00e9n of meerdere disciplines, en vervolgens wordt de introductiecursus afgesloten met [&hellip;]<\/p>\n","protected":false},"author":1,"featured_media":0,"parent":0,"menu_order":0,"comment_status":"closed","ping_status":"closed","template":"","meta":{"_et_pb_use_builder":"on","_et_pb_old_content":"","_et_gb_content_width":"","_monsterinsights_skip_tracking":false,"_monsterinsights_sitenote_active":false,"_monsterinsights_sitenote_note":"","_monsterinsights_sitenote_category":0,"footnotes":"","_links_to":"","_links_to_target":""},"class_list":["post-44","page","type-page","status-publish","hentry"],"yoast_head":"<!-- This site is optimized with the Yoast SEO plugin v27.3 - https:\/\/yoast.com\/product\/yoast-seo-wordpress\/ -->\n<title>Introductiecursus SSV Colt 45 - Schietsportvereniging Colt 45<\/title>\n<meta name=\"description\" content=\"Tijdens de aspirant-lidmaatschapsperiode dient het aspirant-lid een introductiecursus te volgen. Deze introductiecursus bestaat uit tien (10) lessen.\" \/>\n<meta name=\"robots\" content=\"index, follow, max-snippet:-1, max-image-preview:large, max-video-preview:-1\" \/>\n<link rel=\"canonical\" href=\"https:\/\/colt45.nl\/?page_id=44\" \/>\n<meta property=\"og:locale\" content=\"nl_NL\" \/>\n<meta property=\"og:type\" content=\"article\" \/>\n<meta property=\"og:title\" content=\"Introductiecursus SSV Colt 45 - Schietsportvereniging Colt 45\" \/>\n<meta property=\"og:description\" content=\"Tijdens de aspirant-lidmaatschapsperiode dient het aspirant-lid een introductiecursus te volgen. Deze introductiecursus bestaat uit tien (10) lessen.\" \/>\n<meta property=\"og:url\" content=\"https:\/\/colt45.nl\/?page_id=44\" \/>\n<meta property=\"og:site_name\" content=\"Schietsportvereniging Colt 45\" \/>\n<meta property=\"article:modified_time\" content=\"2017-11-02T19:20:26+00:00\" \/>\n<meta name=\"twitter:card\" content=\"summary_large_image\" \/>\n<meta name=\"twitter:label1\" content=\"Geschatte leestijd\" \/>\n\t<meta name=\"twitter:data1\" content=\"5 minuten\" \/>\n<script type=\"application\/ld+json\" class=\"yoast-schema-graph\">{\"@context\":\"https:\\\/\\\/schema.org\",\"@graph\":[{\"@type\":\"WebPage\",\"@id\":\"https:\\\/\\\/colt45.nl\\\/?page_id=44\",\"url\":\"https:\\\/\\\/colt45.nl\\\/?page_id=44\",\"name\":\"Introductiecursus SSV Colt 45 - Schietsportvereniging Colt 45\",\"isPartOf\":{\"@id\":\"https:\\\/\\\/colt45.nl\\\/#website\"},\"datePublished\":\"2016-12-21T16:16:47+00:00\",\"dateModified\":\"2017-11-02T19:20:26+00:00\",\"description\":\"Tijdens de aspirant-lidmaatschapsperiode dient het aspirant-lid een introductiecursus te volgen. Deze introductiecursus bestaat uit tien (10) lessen.\",\"breadcrumb\":{\"@id\":\"https:\\\/\\\/colt45.nl\\\/?page_id=44#breadcrumb\"},\"inLanguage\":\"nl-NL\",\"potentialAction\":[{\"@type\":\"ReadAction\",\"target\":[\"https:\\\/\\\/colt45.nl\\\/?page_id=44\"]}]},{\"@type\":\"BreadcrumbList\",\"@id\":\"https:\\\/\\\/colt45.nl\\\/?page_id=44#breadcrumb\",\"itemListElement\":[{\"@type\":\"ListItem\",\"position\":1,\"name\":\"Home\",\"item\":\"https:\\\/\\\/colt45.nl\\\/\"},{\"@type\":\"ListItem\",\"position\":2,\"name\":\"Introductiecursus SSV Colt 45\"}]},{\"@type\":\"WebSite\",\"@id\":\"https:\\\/\\\/colt45.nl\\\/#website\",\"url\":\"https:\\\/\\\/colt45.nl\\\/\",\"name\":\"Schietsportvereniging Colt 45\",\"description\":\"Amsterdam\",\"potentialAction\":[{\"@type\":\"SearchAction\",\"target\":{\"@type\":\"EntryPoint\",\"urlTemplate\":\"https:\\\/\\\/colt45.nl\\\/?s={search_term_string}\"},\"query-input\":{\"@type\":\"PropertyValueSpecification\",\"valueRequired\":true,\"valueName\":\"search_term_string\"}}],\"inLanguage\":\"nl-NL\"}]}<\/script>\n<!-- \/ Yoast SEO plugin. -->","yoast_head_json":{"title":"Introductiecursus SSV Colt 45 - Schietsportvereniging Colt 45","description":"Tijdens de aspirant-lidmaatschapsperiode dient het aspirant-lid een introductiecursus te volgen. Deze introductiecursus bestaat uit tien (10) lessen.","robots":{"index":"index","follow":"follow","max-snippet":"max-snippet:-1","max-image-preview":"max-image-preview:large","max-video-preview":"max-video-preview:-1"},"canonical":"https:\/\/colt45.nl\/?page_id=44","og_locale":"nl_NL","og_type":"article","og_title":"Introductiecursus SSV Colt 45 - Schietsportvereniging Colt 45","og_description":"Tijdens de aspirant-lidmaatschapsperiode dient het aspirant-lid een introductiecursus te volgen. Deze introductiecursus bestaat uit tien (10) lessen.","og_url":"https:\/\/colt45.nl\/?page_id=44","og_site_name":"Schietsportvereniging Colt 45","article_modified_time":"2017-11-02T19:20:26+00:00","twitter_card":"summary_large_image","twitter_misc":{"Geschatte leestijd":"5 minuten"},"schema":{"@context":"https:\/\/schema.org","@graph":[{"@type":"WebPage","@id":"https:\/\/colt45.nl\/?page_id=44","url":"https:\/\/colt45.nl\/?page_id=44","name":"Introductiecursus SSV Colt 45 - Schietsportvereniging Colt 45","isPartOf":{"@id":"https:\/\/colt45.nl\/#website"},"datePublished":"2016-12-21T16:16:47+00:00","dateModified":"2017-11-02T19:20:26+00:00","description":"Tijdens de aspirant-lidmaatschapsperiode dient het aspirant-lid een introductiecursus te volgen. Deze introductiecursus bestaat uit tien (10) lessen.","breadcrumb":{"@id":"https:\/\/colt45.nl\/?page_id=44#breadcrumb"},"inLanguage":"nl-NL","potentialAction":[{"@type":"ReadAction","target":["https:\/\/colt45.nl\/?page_id=44"]}]},{"@type":"BreadcrumbList","@id":"https:\/\/colt45.nl\/?page_id=44#breadcrumb","itemListElement":[{"@type":"ListItem","position":1,"name":"Home","item":"https:\/\/colt45.nl\/"},{"@type":"ListItem","position":2,"name":"Introductiecursus SSV Colt 45"}]},{"@type":"WebSite","@id":"https:\/\/colt45.nl\/#website","url":"https:\/\/colt45.nl\/","name":"Schietsportvereniging Colt 45","description":"Amsterdam","potentialAction":[{"@type":"SearchAction","target":{"@type":"EntryPoint","urlTemplate":"https:\/\/colt45.nl\/?s={search_term_string}"},"query-input":{"@type":"PropertyValueSpecification","valueRequired":true,"valueName":"search_term_string"}}],"inLanguage":"nl-NL"}]}},"_links":{"self":[{"href":"https:\/\/colt45.nl\/index.php?rest_route=\/wp\/v2\/pages\/44","targetHints":{"allow":["GET"]}}],"collection":[{"href":"https:\/\/colt45.nl\/index.php?rest_route=\/wp\/v2\/pages"}],"about":[{"href":"https:\/\/colt45.nl\/index.php?rest_route=\/wp\/v2\/types\/page"}],"author":[{"embeddable":true,"href":"https:\/\/colt45.nl\/index.php?rest_route=\/wp\/v2\/users\/1"}],"replies":[{"embeddable":true,"href":"https:\/\/colt45.nl\/index.php?rest_route=%2Fwp%2Fv2%2Fcomments&post=44"}],"version-history":[{"count":12,"href":"https:\/\/colt45.nl\/index.php?rest_route=\/wp\/v2\/pages\/44\/revisions"}],"predecessor-version":[{"id":2976,"href":"https:\/\/colt45.nl\/index.php?rest_route=\/wp\/v2\/pages\/44\/revisions\/2976"}],"wp:attachment":[{"href":"https:\/\/colt45.nl\/index.php?rest_route=%2Fwp%2Fv2%2Fmedia&parent=44"}],"curies":[{"name":"wp","href":"https:\/\/api.w.org\/{rel}","templated":true}]}}